{"id":35,"date":"2015-05-22T15:25:22","date_gmt":"2015-05-22T15:25:22","guid":{"rendered":"http:\/\/sksipasportopava.cz\/?page_id=35"},"modified":"2017-06-23T15:30:59","modified_gmt":"2017-06-23T15:30:59","slug":"turnaj-hradec","status":"publish","type":"page","link":"https:\/\/sksipasportopava.cz\/?page_id=35","title":{"rendered":"Turnaj Hradec"},"content":{"rendered":"<p><b>Mezin\u00e1rodn\u00ed turnaj o poh\u00e1r FROSU ZPS<\/b><\/p>\n<p><b>1. ro\u010dn\u00edk 2013 &#8211; po\u0159ad\u00ed<\/b><\/p>\n<p>1. SFC Opava<\/p>\n<p>2. Gwiazda Ruda Slaska<\/p>\n<p>3. Sokol Mokr\u00e9 Lazce<\/p>\n<p><b>2. ro\u010dn\u00edk 2014 &#8211; po\u0159ad\u00ed<\/b><\/p>\n<p>1.FC Ban\u00edk Ostrava<\/p>\n<p>2. MFK Fr\u00fddek M\u00edstek<\/p>\n<p>3. SFC Opava mod\u0159\u00ed<\/p>\n<p>4. SK Radu\u0148<\/p>\n<p>5. FK Slavia Opava<\/p>\n<p>6. SFC Opava \u017elut\u00ed<\/p>\n<p>7. Sokol Kyle\u0161ovice<\/p>\n<p>8. TJ Hradec nad Moravic\u00ed<\/p>\n<p>9. Piast Gliwice<\/p>\n<p>10. Fotbal Bohum\u00edn<\/p>\n<p><b>3. ro\u010dn\u00edk 22.2.2015<\/b><\/p>\n<p>1. \u00a0m\u00edsto &#8211; TJ Nov\u00fd Ji\u010d\u00edn<\/p>\n<p>2. m\u00edsto &#8211; SFC Opava mod\u0159\u00ed<\/p>\n<p>3. m\u00edsto &#8211; SFC Opava \u017elut\u00ed<\/p>\n<p>4. m\u00edsto &#8211; Fotbal T\u0159inec<\/p>\n<p>5. m\u00edsto &#8211; FC Ban\u00edk Ostrava<\/p>\n<p>6. m\u00edsto &#8211; Piast Gliwice<\/p>\n<p>7. m\u00edsto &#8211; Fotbal Budi\u0161ov nad Budi\u0161ovkou<\/p>\n<p>8. m\u00edsto &#8211; TJ Sokol Mokr\u00e9 Lazce<\/p>\n<p>9. m\u00edsto &#8211; Sl\u00e1via Opava<\/p>\n<p>10. m\u00edsto &#8211; FK Kyle\u0161ovice<\/p>\n<p><b>Individu\u00e1ln\u00ed ocen\u011bn\u00ed :<\/b><\/p>\n<p><b>Nejlep\u0161\u00ed st\u0159elec turnaje &#8211;<\/b> Richard Kov\u00e1rn\u00edk &#8211; SFC Opava<\/p>\n<p><b>Nejlep\u0161\u00ed Brank\u00e1\u0159 turnaje &#8211; <\/b>Maty\u00e1\u0161 Drast\u00edk &#8211; SFC Opava<\/p>\n<p><b>FC Nejlep\u0161\u00ed Obr\u00e1nce turnaje &#8211; <\/b>Andrey Nguen &#8211; T\u0159inec<\/p>\n<p><b>Nejlep\u0161\u00ed \u00fato\u010dn\u00edk &#8211; <\/b>Bartek Orzikowski &#8211; Gliwice<\/p>\n<p><b>Neju\u017eite\u010dn\u011bj\u0161\u00ed hr\u00e1\u010d turnaje &#8211; cena na po\u010dest Aloise Sommra &#8211; <\/b>Filip Koke\u0161 &#8211; SFC Opava<\/p>\n<p><b>Nejrychlej\u0161\u00ed Branka turnaje &#8211; <\/b>Ond\u0159ej T\u00e1borsk\u00fd &#8211; cena Tipa &#8211; Opava &#8211; Nov\u00fd Ji\u010d\u00edn<br \/>\n<a href=\"http:\/\/sksipasportopava.cz\/wp-content\/uploads\/2015\/05\/Hradec11.jpg\"><img loading=\"lazy\" class=\"alignnone size-medium wp-image-39\" src=\"http:\/\/sksipasportopava.cz\/wp-content\/uploads\/2015\/05\/Hradec11-300x214.jpg\" alt=\"Hradec11\" width=\"300\" height=\"214\" srcset=\"https:\/\/sksipasportopava.cz\/wp-content\/uploads\/2015\/05\/Hradec11-300x214.jpg 300w, https:\/\/sksipasportopava.cz\/wp-content\/uploads\/2015\/05\/Hradec11.jpg 840w\" sizes=\"(max-width: 300px) 100vw, 300px\" \/><\/a><\/p>\n","protected":false},"excerpt":{"rendered":"<p>Mezin\u00e1rodn\u00ed turnaj o poh\u00e1r FROSU ZPS 1. ro\u010dn\u00edk 2013 &#8211; po\u0159ad\u00ed 1. SFC Opava 2. Gwiazda Ruda Slaska 3. Sokol Mokr\u00e9 Lazce 2. ro\u010dn\u00edk 2014 &#8211; po\u0159ad\u00ed 1.FC Ban\u00edk Ostrava 2. MFK Fr\u00fddek M\u00edstek 3. SFC Opava mod\u0159\u00ed 4. SK Radu\u0148 5. FK Slavia Opava 6. SFC Opava \u017elut\u00ed 7. Sokol Kyle\u0161ovice 8. TJ Hradec &hellip; <a href=\"https:\/\/sksipasportopava.cz\/?page_id=35\" class=\"more-link\">Pokra\u010dov\u00e1n\u00ed textu <span class=\"screen-reader-text\">Turnaj Hradec<\/span><\/a><\/p>\n","protected":false},"author":1,"featured_media":36,"parent":0,"menu_order":0,"comment_status":"open","ping_status":"open","template":"","meta":[],"_links":{"self":[{"href":"https:\/\/sksipasportopava.cz\/index.php?rest_route=\/wp\/v2\/pages\/35"}],"collection":[{"href":"https:\/\/sksipasportopava.cz\/index.php?rest_route=\/wp\/v2\/pages"}],"about":[{"href":"https:\/\/sksipasportopava.cz\/index.php?rest_route=\/wp\/v2\/types\/page"}],"author":[{"embeddable":true,"href":"https:\/\/sksipasportopava.cz\/index.php?rest_route=\/wp\/v2\/users\/1"}],"replies":[{"embeddable":true,"href":"https:\/\/sksipasportopava.cz\/index.php?rest_route=%2Fwp%2Fv2%2Fcomments&post=35"}],"version-history":[{"count":2,"href":"https:\/\/sksipasportopava.cz\/index.php?rest_route=\/wp\/v2\/pages\/35\/revisions"}],"predecessor-version":[{"id":40,"href":"https:\/\/sksipasportopava.cz\/index.php?rest_route=\/wp\/v2\/pages\/35\/revisions\/40"}],"wp:featuredmedia":[{"embeddable":true,"href":"https:\/\/sksipasportopava.cz\/index.php?rest_route=\/wp\/v2\/media\/36"}],"wp:attachment":[{"href":"https:\/\/sksipasportopava.cz\/index.php?rest_route=%2Fwp%2Fv2%2Fmedia&parent=35"}],"curies":[{"name":"wp","href":"https:\/\/api.w.org\/{rel}","templated":true}]}}